{"id":24473,"date":"2021-07-18T14:16:36","date_gmt":"2021-07-18T14:16:36","guid":{"rendered":"https:\/\/riadluciano.com\/ausfluege\/"},"modified":"2025-08-24T13:46:58","modified_gmt":"2025-08-24T13:46:58","slug":"ausfluege","status":"publish","type":"page","link":"https:\/\/riadluciano.com\/de\/ausfluege\/","title":{"rendered":"Ausfl\u00fcge"},"content":{"rendered":"\t\t<div data-elementor-type=\"wp-post\" data-elementor-id=\"24473\" class=\"elementor elementor-24473 elementor-1214\">\n\t\t\t\t\t\t<div class=\"elementor-inner\">\n\t\t\t\t<div class=\"elementor-section-wrap\">\n\t\t\t\t\t\t\t\t\t<section class=\"elementor-section elementor-top-section elementor-element elementor-element-4ac5458d elementor-section-boxed elementor-section-height-default elementor-section-height-default\" data-id=\"4ac5458d\" data-element_type=\"section\" data-settings=\"{&quot;background_background&quot;:&quot;classic&quot;}\">\n\t\t\t\t\t\t<div class=\"elementor-container elementor-column-gap-default\">\n\t\t\t\t\t\t\t<div class=\"elementor-row\">\n\t\t\t\t\t<div class=\"elementor-column elementor-col-100 elementor-top-column elementor-element elementor-element-6e5e63d9\" data-id=\"6e5e63d9\" data-element_type=\"column\" data-settings=\"{&quot;background_background&quot;:&quot;classic&quot;}\">\n\t\t\t<div class=\"elementor-column-wrap elementor-element-populated\">\n\t\t\t\t\t\t\t<div class=\"elementor-widget-wrap\">\n\t\t\t\t\t\t<div class=\"elementor-element elementor-element-7c7c62d9 elementor-view-default elementor-position-top elementor-widget elementor-widget-themo-header\" data-id=\"7c7c62d9\" data-element_type=\"widget\" data-widget_type=\"themo-header.default\">\n\t\t\t\t<div class=\"elementor-widget-container\">\n\t\t\t\t\t<div class=\"th-header-wrap\">\n        <div class=\"elementor-icon-box-wrapper th-show-icon\">\n                            <div class=\"elementor-icon-box-icon th-icon-size-md\">\n                    <span class=\"elementor-icon \">\n                        <i aria-hidden=\"true\" class=\"fas fa-map-signs\"><\/i>                    <\/span>\n                <\/div>\n                                <div class=\"elementor-icon-box-content\">\n                    <h1 class=\"elementor-icon-box-title\">\n                        Ausfl\u00fcge                    <\/h1>\n                                            <span class=\"th-header-divider\"><\/span>\n                                        <p class=\"elementor-icon-box-description\">Ausfl\u00fcge mit den Luciano Guides unterscheiden sich von anderen Tour-Erlebnissen. Sie erleben hautnah die Sch\u00f6nheit und Gastfreundschaft der marokkanischen Kultur, wenn Sie echte Berberh\u00e4user in den D\u00f6rfern des Hohen Atlas s\u00fcdlich von Marrakesch besuchen. Sie verbringen einen Nachmittag, zwei Tage oder mehr damit, die Menschen kennenzulernen und Einblicke in ihr Leben zu gewinnen. Unsere Ausfl\u00fcge drehen sich nicht um Kamele und Palmen, sondern darum, eine andere Lebensweise zu entdecken.<\/p>\n\n                                            <div class=\"th-btn-wrap\">\n                                                            <a class=\"btn-1 btn th-btn btn-standard-primary\" href=\"#discover\">\n                                                                            Jetzt Entdecken                                                                    <\/a>\n                            \n                                                            <a class=\"btn-2 btn th-btn btn-ghost-light\" href=\"https:\/\/riadluciano.com\/wp-content\/uploads\/2024\/01\/brochure-luciano-anglais_compressed.pdf\" target=\"_blank\">\n                                                                            Unsere Men\u00fcs herunterladen                                                                    <\/a>\n                                                    <\/div>\n                                    <\/div>\n            <\/div>\n\n        <\/div>\n\n\t\t\t\t<\/div>\n\t\t\t\t<\/div>\n\t\t\t\t\t\t<\/div>\n\t\t\t\t\t<\/div>\n\t\t<\/div>\n\t\t\t\t\t\t\t\t<\/div>\n\t\t\t\t\t<\/div>\n\t\t<\/section>\n\t\t\t\t<section class=\"elementor-section elementor-top-section elementor-element elementor-element-6435a43 elementor-section-boxed elementor-section-height-default elementor-section-height-default\" data-id=\"6435a43\" data-element_type=\"section\">\n\t\t\t\t\t\t<div class=\"elementor-container elementor-column-gap-default\">\n\t\t\t\t\t\t\t<div class=\"elementor-row\">\n\t\t\t\t\t<div class=\"elementor-column elementor-col-100 elementor-top-column elementor-element elementor-element-21ff564\" data-id=\"21ff564\" data-element_type=\"column\">\n\t\t\t<div class=\"elementor-column-wrap elementor-element-populated\">\n\t\t\t\t\t\t\t<div class=\"elementor-widget-wrap\">\n\t\t\t\t\t\t<div class=\"elementor-element elementor-element-c820c7e elementor-widget-divider--view-line_icon elementor-view-default elementor-widget-divider--element-align-center elementor-widget elementor-widget-divider\" data-id=\"c820c7e\" data-element_type=\"widget\" data-widget_type=\"divider.default\">\n\t\t\t\t<div class=\"elementor-widget-container\">\n\t\t\t\t\t<div class=\"elementor-divider\">\n\t\t\t<span class=\"elementor-divider-separator\">\n\t\t\t\t\t\t\t<div class=\"elementor-icon elementor-divider__element\">\n\t\t\t\t\t<i aria-hidden=\"true\" class=\"fas fa-map-signs\"><\/i><\/div>\n\t\t\t\t\t\t<\/span>\n\t\t<\/div>\n\t\t\t\t<\/div>\n\t\t\t\t<\/div>\n\t\t\t\t\t\t<\/div>\n\t\t\t\t\t<\/div>\n\t\t<\/div>\n\t\t\t\t\t\t\t\t<\/div>\n\t\t\t\t\t<\/div>\n\t\t<\/section>\n\t\t\t\t<section class=\"elementor-section elementor-top-section elementor-element elementor-element-80a5e07 elementor-section-full_width elementor-section-height-default elementor-section-height-default\" data-id=\"80a5e07\" data-element_type=\"section\">\n\t\t\t\t\t\t<div class=\"elementor-container elementor-column-gap-default\">\n\t\t\t\t\t\t\t<div class=\"elementor-row\">\n\t\t\t\t\t<div class=\"elementor-column elementor-col-100 elementor-top-column elementor-element elementor-element-e7054b3\" data-id=\"e7054b3\" data-element_type=\"column\">\n\t\t\t<div class=\"elementor-column-wrap elementor-element-populated\">\n\t\t\t\t\t\t\t<div class=\"elementor-widget-wrap\">\n\t\t\t\t\t\t<div class=\"elementor-element elementor-element-f6896b8 elementor-widget elementor-widget-menu-anchor\" data-id=\"f6896b8\" data-element_type=\"widget\" data-widget_type=\"menu-anchor.default\">\n\t\t\t\t<div class=\"elementor-widget-container\">\n\t\t\t\t\t<div id=\"Entdecken\" class=\"elementor-menu-anchor\"><\/div>\n\t\t\t\t<\/div>\n\t\t\t\t<\/div>\n\t\t\t\t\t\t<\/div>\n\t\t\t\t\t<\/div>\n\t\t<\/div>\n\t\t\t\t\t\t\t\t<\/div>\n\t\t\t\t\t<\/div>\n\t\t<\/section>\n\t\t\t\t<section class=\"elementor-section elementor-top-section elementor-element elementor-element-a4131d2 elementor-section-full_width elementor-section-height-default elementor-section-height-default\" data-id=\"a4131d2\" data-element_type=\"section\">\n\t\t\t\t\t\t<div class=\"elementor-container elementor-column-gap-default\">\n\t\t\t\t\t\t\t<div class=\"elementor-row\">\n\t\t\t\t\t<div class=\"elementor-column elementor-col-16 elementor-top-column elementor-element elementor-element-835f21f\" data-id=\"835f21f\" data-element_type=\"column\">\n\t\t\t<div class=\"elementor-column-wrap\">\n\t\t\t\t\t\t\t<div class=\"elementor-widget-wrap\">\n\t\t\t\t\t\t\t\t<\/div>\n\t\t\t\t\t<\/div>\n\t\t<\/div>\n\t\t\t\t<div class=\"elementor-column elementor-col-66 elementor-top-column elementor-element elementor-element-84a2094\" data-id=\"84a2094\" data-element_type=\"column\">\n\t\t\t<div class=\"elementor-column-wrap elementor-element-populated\">\n\t\t\t\t\t\t\t<div class=\"elementor-widget-wrap\">\n\t\t\t\t\t\t<div class=\"elementor-element elementor-element-8dbb619 elementor-widget elementor-widget-html\" data-id=\"8dbb619\" data-element_type=\"widget\" data-widget_type=\"html.default\">\n\t\t\t\t<div class=\"elementor-widget-container\">\n\t\t\t<div class=\"_3d-flip-book  fb3d-fullscreen-mode full-size\" data-id=\"14979\" data-mode=\"fullscreen\" data-title=\"false\" data-template=\"short-white-book-view\" data-lightbox=\"dark-shadow\" data-urlparam=\"fb3d-page\" data-page-n=\"0\" data-pdf=\"\" data-tax=\"null\" data-thumbnail=\"\" data-cols=\"3\" data-book-template=\"default\" data-trigger=\"\"><\/div><script type=\"text\/javascript\">window.FB3D_CLIENT_DATA = window.FB3D_CLIENT_DATA || [];FB3D_CLIENT_DATA.push('eyJwb3N0cyI6eyIxNDk3OSI6eyJJRCI6MTQ5NzksInRpdGxlIjoiZXhjdXJzaW9uIEVOIiwidHlwZSI6InBkZiIsInJlYWR5X2Z1bmN0aW9uIjoiIiwiYm9va19zdHlsZSI6InZvbHVtZSIsImJvb2tfdGVtcGxhdGUiOiJub25lIiwib3V0bGluZSI6W10sImRhdGEiOnsicG9zdF9JRCI6Ii0xIiwiZ3VpZCI6Imh0dHBzOlwvXC9yaWFkbHVjaWFuby5jb21cL3dwLWNvbnRlbnRcL3VwbG9hZHNcLzIwMjRcLzAxXC9icm9jaHVyZS1sdWNpYW5vLWFuZ2xhaXNfY29tcHJlc3NlZC5wZGYiLCJwZGZfcGFnZXMiOiIyMCIsInBhZ2VzX2N1c3RvbWl6YXRpb24iOiJub25lIn0sInRodW1ibmFpbCI6eyJkYXRhIjp7InBvc3RfSUQiOiIwIn0sInR5cGUiOiJhdXRvIn0sInByb3BzIjp7ImJhY2tncm91bmRDb2xvciI6ImF1dG8iLCJiYWNrZ3JvdW5kSW1hZ2UiOiJhdXRvIiwiYmFja2dyb3VuZFN0eWxlIjoiYXV0byIsImhpZ2hsaWdodExpbmtzIjoiYXV0byIsImxpZ2h0aW5nIjoiYXV0byIsImNhY2hlZFBhZ2VzIjoiYXV0byIsInJlbmRlckluYWN0aXZlUGFnZXMiOiJhdXRvIiwicmVuZGVySW5hY3RpdmVQYWdlc09uTW9iaWxlIjoiYXV0byIsInJlbmRlcldoaWxlRmxpcHBpbmciOiJhdXRvIiwicHJlbG9hZFBhZ2VzIjoiYXV0byIsImF1dG9QbGF5RHVyYXRpb24iOiJhdXRvIiwicnRsIjoiYXV0byIsImludGVyYWN0aXZlQ29ybmVycyI6ImF1dG8iLCJtYXhEZXB0aCI6ImF1dG8iLCJzaGVldCI6eyJzdGFydFZlbG9jaXR5IjoiYXV0byIsIndhdmUiOiJhdXRvIiwic2hhcGUiOiJhdXRvIiwid2lkdGhUZXhlbHMiOiJhdXRvIiwiY29sb3IiOiJhdXRvIiwic2lkZSI6ImF1dG8iLCJjb3JuZXJEZXZpYXRpb24iOiJhdXRvIiwiZmxleGliaWxpdHkiOiJhdXRvIiwiZmxleGlibGVDb3JuZXIiOiJhdXRvIiwiYmVuZGluZyI6ImF1dG8iLCJoZWlnaHRUZXhlbHMiOiJhdXRvIn0sImNvdmVyIjp7IndhdmUiOiJhdXRvIiwiY29sb3IiOiJhdXRvIiwic2lkZSI6ImF1dG8iLCJiaW5kZXJUZXh0dXJlIjoiYXV0byIsImRlcHRoIjoiYXV0byIsInBhZGRpbmciOiJhdXRvIiwic3RhcnRWZWxvY2l0eSI6ImF1dG8iLCJmbGV4aWJpbGl0eSI6ImF1dG8iLCJmbGV4aWJsZUNvcm5lciI6ImF1dG8iLCJiZW5kaW5nIjoiYXV0byIsIndpZHRoVGV4ZWxzIjoiYXV0byIsImhlaWdodFRleGVscyI6ImF1dG8iLCJtYXNzIjoiYXV0byIsInNoYXBlIjoiYXV0byJ9LCJwYWdlIjp7IndhdmUiOiJhdXRvIiwiY29sb3IiOiJhdXRvIiwic2lkZSI6ImF1dG8iLCJkZXB0aCI6ImF1dG8iLCJzdGFydFZlbG9jaXR5IjoiYXV0byIsImZsZXhpYmlsaXR5IjoiYXV0byIsImZsZXhpYmxlQ29ybmVyIjoiYXV0byIsImJlbmRpbmciOiJhdXRvIiwid2lkdGhUZXhlbHMiOiJhdXRvIiwiaGVpZ2h0VGV4ZWxzIjoiYXV0byIsIm1hc3MiOiJhdXRvIiwic2hhcGUiOiJhdXRvIn0sImhlaWdodCI6ImF1dG8iLCJ3aWR0aCI6ImF1dG8iLCJncmF2aXR5IjoiYXV0byIsInBhZ2VzRm9yUHJlZGljdGluZyI6ImF1dG8ifSwiY29udHJvbFByb3BzIjp7ImFjdGlvbnMiOnsiY21kVG9jIjp7ImVuYWJsZWQiOiJhdXRvIiwiZW5hYmxlZEluTmFycm93IjoiYXV0byIsImFjdGl2ZSI6ImF1dG8iLCJkZWZhdWx0VGFiIjoiYXV0byJ9LCJjbWRBdXRvUGxheSI6eyJlbmFibGVkIjoiYXV0byIsImVuYWJsZWRJbk5hcnJvdyI6ImF1dG8iLCJhY3RpdmUiOiJhdXRvIn0sImNtZFNhdmUiOnsiZW5hYmxlZCI6ImF1dG8iLCJlbmFibGVkSW5OYXJyb3ciOiJhdXRvIn0sImNtZFByaW50Ijp7ImVuYWJsZWQiOiJhdXRvIiwiZW5hYmxlZEluTmFycm93IjoiYXV0byJ9LCJjbWRTaW5nbGVQYWdlIjp7ImVuYWJsZWQiOiJhdXRvIiwiZW5hYmxlZEluTmFycm93IjoiYXV0byIsImFjdGl2ZSI6ImF1dG8iLCJhY3RpdmVGb3JNb2JpbGUiOiJhdXRvIn0sIndpZFRvb2xiYXIiOnsiZW5hYmxlZCI6ImF1dG8iLCJlbmFibGVkSW5OYXJyb3ciOiJhdXRvIn19fSwiYXV0b1RodW1ibmFpbCI6Imh0dHBzOlwvXC9yaWFkbHVjaWFuby5jb21cL3dwLWNvbnRlbnRcL3VwbG9hZHNcLzNkLWZsaXAtYm9va1wvYXV0by10aHVtYm5haWxzXC8xNDk3OS5wbmciLCJwb3N0X25hbWUiOiJleGN1cnNpb24tZW4iLCJwb3N0X3R5cGUiOiIzZC1mbGlwLWJvb2sifX0sInBhZ2VzIjpbXSwiZmlyc3RQYWdlcyI6W119');window.FB3D_CLIENT_LOCALE && FB3D_CLIENT_LOCALE.render && FB3D_CLIENT_LOCALE.render();<\/script>\t\t<\/div>\n\t\t\t\t<\/div>\n\t\t\t\t\t\t<\/div>\n\t\t\t\t\t<\/div>\n\t\t<\/div>\n\t\t\t\t<div class=\"elementor-column elementor-col-16 elementor-top-column elementor-element elementor-element-4689e88\" data-id=\"4689e88\" data-element_type=\"column\">\n\t\t\t<div class=\"elementor-column-wrap\">\n\t\t\t\t\t\t\t<div class=\"elementor-widget-wrap\">\n\t\t\t\t\t\t\t\t<\/div>\n\t\t\t\t\t<\/div>\n\t\t<\/div>\n\t\t\t\t\t\t\t\t<\/div>\n\t\t\t\t\t<\/div>\n\t\t<\/section>\n\t\t\t\t<section class=\"elementor-section elementor-top-section elementor-element elementor-element-a33378e elementor-section-boxed elementor-section-height-default elementor-section-height-default\" data-id=\"a33378e\" data-element_type=\"section\">\n\t\t\t\t\t\t<div class=\"elementor-container elementor-column-gap-default\">\n\t\t\t\t\t\t\t<div class=\"elementor-row\">\n\t\t\t\t\t<div class=\"elementor-column elementor-col-100 elementor-top-column elementor-element elementor-element-a6f9859\" data-id=\"a6f9859\" data-element_type=\"column\">\n\t\t\t<div class=\"elementor-column-wrap elementor-element-populated\">\n\t\t\t\t\t\t\t<div class=\"elementor-widget-wrap\">\n\t\t\t\t\t\t<div class=\"elementor-element elementor-element-0f6115d elementor-widget elementor-widget-formidable\" data-id=\"0f6115d\" data-element_type=\"widget\" data-widget_type=\"formidable.default\">\n\t\t\t\t<div class=\"elementor-widget-container\">\n\t\t\t<div class=\"frm_forms \" id=\"frm_form_4_container\" >\n<form enctype=\"multipart\/form-data\" method=\"post\" class=\"frm-show-form \" id=\"form_contact2\" >\n<div class=\"frm_form_fields \">\n<fieldset>\n\r\n<div class=\"frm_fields_container\">\n<input type=\"hidden\" name=\"frm_action\" value=\"create\" \/>\n<input type=\"hidden\" name=\"form_id\" value=\"4\" \/>\n<input type=\"hidden\" name=\"frm_hide_fields_4\" id=\"frm_hide_fields_4\" value=\"\" \/>\n<input type=\"hidden\" name=\"form_key\" value=\"contact2\" \/>\n<input type=\"hidden\" name=\"item_meta[0]\" value=\"\" \/>\n<input type=\"hidden\" id=\"frm_submit_entry_4\" name=\"frm_submit_entry_4\" value=\"2e8d739f67\" \/><input type=\"hidden\" name=\"_wp_http_referer\" value=\"\/de\/wp-json\/wp\/v2\/pages\/24473\" \/><div id=\"frm_field_14_container\" class=\"frm_form_field form-field  frm_required_field frm_none_container frm_full\">\r\n    <label for=\"field_r3pr0d\" class=\"frm_primary_label\">Name\r\n        <span class=\"frm_required\">*<\/span>\r\n    <\/label>\r\n    <input type=\"text\" id=\"field_r3pr0d\" name=\"item_meta[14]\" value=\"\"  placeholder=\"Name\" data-reqmsg=\"Name cannot be blank.\" aria-required=\"true\" data-invmsg=\"Name ist ung\u00fcltig\" aria-invalid=\"false\"  \/>\r\n    \r\n    \r\n<\/div>\n<div id=\"frm_field_15_container\" class=\"frm_form_field form-field  frm_required_field frm_none_container frm_full\">\r\n    <label for=\"field_29yf4d22\" class=\"frm_primary_label\">Email\r\n        <span class=\"frm_required\">*<\/span>\r\n    <\/label>\r\n    <input type=\"text\" id=\"field_29yf4d22\" name=\"item_meta[15]\" value=\"\"  placeholder=\"Email\" data-reqmsg=\"Email cannot be blank.\" aria-required=\"true\" data-invmsg=\"Email ist ung\u00fcltig\" aria-invalid=\"false\"  \/>\r\n    \r\n    \r\n<\/div>\n<div id=\"frm_field_16_container\" class=\"frm_form_field form-field  frm_required_field frm_none_container frm_full\">\r\n    <label for=\"field_9jv0r122\" class=\"frm_primary_label\">Message\r\n        <span class=\"frm_required\">*<\/span>\r\n    <\/label>\r\n    <textarea name=\"item_meta[16]\" id=\"field_9jv0r122\" rows=\"5\"  placeholder=\"Message\" data-reqmsg=\"Message cannot be blank.\" aria-required=\"true\" data-invmsg=\"Message ist ung\u00fcltig\" aria-invalid=\"false\"  ><\/textarea>\r\n    \r\n    \r\n<\/div>\n\t<input type=\"hidden\" name=\"item_key\" value=\"\" \/>\n\t\t\t<div id=\"frm_field_41_container\">\n\t\t\t<label for=\"field_dgatu\" >\n\t\t\t\tFalls Du menschlich bist, lasse dieses Feld leer.\t\t\t<\/label>\n\t\t\t<input  id=\"field_dgatu\" type=\"text\" class=\"frm_form_field form-field frm_verify\" name=\"item_meta[41]\" value=\"\"  \/>\n\t\t<\/div>\n\t\t<input name=\"frm_state\" type=\"hidden\" value=\"FIGVXA+IkoYuLgdLv4btytQv9uML8HfFyNINNizlkD0=\" \/><div class=\"frm_submit\">\r\n\r\n<input type=\"submit\" value=\"Submit\"  \/>\r\n<img decoding=\"async\" class=\"frm_ajax_loading\" src=\"https:\/\/riadluciano.com\/wp-content\/plugins\/formidable\/images\/ajax_loader.gif\" alt=\"Sending\" style=\"visibility:hidden;\" \/>\r\n\r\n<\/div><\/div>\n<\/fieldset>\n<\/div>\n\n<p style=\"display: none !important;\" class=\"akismet-fields-container\" data-prefix=\"ak_\"><label>&#916;<textarea name=\"ak_hp_textarea\" cols=\"45\" rows=\"8\" maxlength=\"100\"><\/textarea><\/label><input type=\"hidden\" id=\"ak_js_1\" name=\"ak_js\" value=\"120\"\/><script>document.getElementById( \"ak_js_1\" ).setAttribute( \"value\", ( new Date() ).getTime() );<\/script><\/p><\/form>\n<\/div>\n\t\t<\/div>\n\t\t\t\t<\/div>\n\t\t\t\t\t\t<\/div>\n\t\t\t\t\t<\/div>\n\t\t<\/div>\n\t\t\t\t\t\t\t\t<\/div>\n\t\t\t\t\t<\/div>\n\t\t<\/section>\n\t\t\t\t\t\t\t\t\t<\/div>\n\t\t\t<\/div>\n\t\t\t\t\t<\/div>\n\t\t","protected":false},"excerpt":{"rendered":"<p>Ausfl\u00fcge Ausfl\u00fcge mit den Luciano Guides unterscheiden sich von anderen Tour-Erlebnissen. Sie erleben hautnah die Sch\u00f6nheit und Gastfreundschaft der marokkanischen Kultur, wenn Sie echte Berberh\u00e4user in den D\u00f6rfern des Hohen Atlas s\u00fcdlich von Marrakesch besuchen. Sie verbringen einen Nachmittag, zwei &hellip; <a href=\"https:\/\/riadluciano.com\/de\/ausfluege\/\">Read More<\/a><\/p>\n","protected":false},"author":1,"featured_media":0,"parent":0,"menu_order":18,"comment_status":"closed","ping_status":"closed","template":"","meta":{"footnotes":""},"class_list":["post-24473","page","type-page","status-publish","hentry"],"yoast_head":"<!-- This site is optimized with the Yoast SEO plugin v25.7 - https:\/\/yoast.com\/wordpress\/plugins\/seo\/ -->\n<title>Ausfl\u00fcge - Riad Luciano - Hotel **** &amp; Spa | Marrakech<\/title>\n<meta name=\"description\" content=\"Das Riad Luciano bietet Ihnen die besten Ausfl\u00fcge in Marokko. Wir haben sichergestellt, dass unsere Guides Ihnen in Marrakesch ein unvergessliches Erlebnis bieten.\" \/>\n<meta name=\"robots\" content=\"index, follow, max-snippet:-1, max-image-preview:large, max-video-preview:-1\" \/>\n<link rel=\"canonical\" href=\"https:\/\/riadluciano.com\/de\/ausfluege\/\" \/>\n<meta property=\"og:locale\" content=\"de_DE\" \/>\n<meta property=\"og:type\" content=\"article\" \/>\n<meta property=\"og:title\" content=\"Ausfl\u00fcge - Riad Luciano - Hotel **** &amp; Spa | Marrakech\" \/>\n<meta property=\"og:description\" content=\"Das Riad Luciano bietet Ihnen die besten Ausfl\u00fcge in Marokko. Wir haben sichergestellt, dass unsere Guides Ihnen in Marrakesch ein unvergessliches Erlebnis bieten.\" \/>\n<meta property=\"og:url\" content=\"https:\/\/riadluciano.com\/de\/ausfluege\/\" \/>\n<meta property=\"og:site_name\" content=\"Riad Luciano\" \/>\n<meta property=\"article:publisher\" content=\"https:\/\/www.facebook.com\/lucianoriad\" \/>\n<meta property=\"article:modified_time\" content=\"2025-08-24T13:46:58+00:00\" \/>\n<meta property=\"og:image\" content=\"https:\/\/riadluciano.com\/wp-content\/plugins\/formidable\/images\/ajax_loader.gif\" \/>\n<meta name=\"twitter:card\" content=\"summary_large_image\" \/>\n<meta name=\"twitter:site\" content=\"@LucianoRiad\" \/>\n<script type=\"application\/ld+json\" class=\"yoast-schema-graph\">{\"@context\":\"https:\/\/schema.org\",\"@graph\":[{\"@type\":\"WebPage\",\"@id\":\"https:\/\/riadluciano.com\/de\/ausfluege\/\",\"url\":\"https:\/\/riadluciano.com\/de\/ausfluege\/\",\"name\":\"Ausfl\u00fcge - Riad Luciano - Hotel **** &amp; Spa | Marrakech\",\"isPartOf\":{\"@id\":\"http:\/\/riadluciano.com\/de\/#website\"},\"primaryImageOfPage\":{\"@id\":\"https:\/\/riadluciano.com\/de\/ausfluege\/#primaryimage\"},\"image\":{\"@id\":\"https:\/\/riadluciano.com\/de\/ausfluege\/#primaryimage\"},\"thumbnailUrl\":\"https:\/\/riadluciano.com\/wp-content\/plugins\/formidable\/images\/ajax_loader.gif\",\"datePublished\":\"2021-07-18T14:16:36+00:00\",\"dateModified\":\"2025-08-24T13:46:58+00:00\",\"description\":\"Das Riad Luciano bietet Ihnen die besten Ausfl\u00fcge in Marokko. Wir haben sichergestellt, dass unsere Guides Ihnen in Marrakesch ein unvergessliches Erlebnis bieten.\",\"breadcrumb\":{\"@id\":\"https:\/\/riadluciano.com\/de\/ausfluege\/#breadcrumb\"},\"inLanguage\":\"de\",\"potentialAction\":[{\"@type\":\"ReadAction\",\"target\":[\"https:\/\/riadluciano.com\/de\/ausfluege\/\"]}]},{\"@type\":\"ImageObject\",\"inLanguage\":\"de\",\"@id\":\"https:\/\/riadluciano.com\/de\/ausfluege\/#primaryimage\",\"url\":\"https:\/\/riadluciano.com\/wp-content\/plugins\/formidable\/images\/ajax_loader.gif\",\"contentUrl\":\"https:\/\/riadluciano.com\/wp-content\/plugins\/formidable\/images\/ajax_loader.gif\"},{\"@type\":\"BreadcrumbList\",\"@id\":\"https:\/\/riadluciano.com\/de\/ausfluege\/#breadcrumb\",\"itemListElement\":[{\"@type\":\"ListItem\",\"position\":1,\"name\":\"Home\",\"item\":\"https:\/\/riadluciano.com\/de\/startseite\/\"},{\"@type\":\"ListItem\",\"position\":2,\"name\":\"Ausfl\u00fcge\"}]},{\"@type\":\"WebSite\",\"@id\":\"http:\/\/riadluciano.com\/de\/#website\",\"url\":\"http:\/\/riadluciano.com\/de\/\",\"name\":\"Riad Luciano Hotel**** & SPA\",\"description\":\"Hotel **** &amp; Spa | Marrakech\",\"publisher\":{\"@id\":\"http:\/\/riadluciano.com\/de\/#organization\"},\"potentialAction\":[{\"@type\":\"SearchAction\",\"target\":{\"@type\":\"EntryPoint\",\"urlTemplate\":\"http:\/\/riadluciano.com\/de\/?s={search_term_string}\"},\"query-input\":{\"@type\":\"PropertyValueSpecification\",\"valueRequired\":true,\"valueName\":\"search_term_string\"}}],\"inLanguage\":\"de\"},{\"@type\":\"Organization\",\"@id\":\"http:\/\/riadluciano.com\/de\/#organization\",\"name\":\"Riad Luciano Hotel **** & SPA\",\"url\":\"http:\/\/riadluciano.com\/de\/\",\"logo\":{\"@type\":\"ImageObject\",\"inLanguage\":\"de\",\"@id\":\"http:\/\/riadluciano.com\/de\/#\/schema\/logo\/image\/\",\"url\":\"https:\/\/riadluciano.com\/wp-content\/uploads\/2021\/08\/favicon.png\",\"contentUrl\":\"https:\/\/riadluciano.com\/wp-content\/uploads\/2021\/08\/favicon.png\",\"width\":480,\"height\":480,\"caption\":\"Riad Luciano Hotel **** & SPA\"},\"image\":{\"@id\":\"http:\/\/riadluciano.com\/de\/#\/schema\/logo\/image\/\"},\"sameAs\":[\"https:\/\/www.facebook.com\/lucianoriad\",\"https:\/\/x.com\/LucianoRiad\",\"https:\/\/www.instagram.com\/lucianoriad\/\"]}]}<\/script>\n<!-- \/ Yoast SEO plugin. -->","yoast_head_json":{"title":"Ausfl\u00fcge - Riad Luciano - Hotel **** &amp; Spa | Marrakech","description":"Das Riad Luciano bietet Ihnen die besten Ausfl\u00fcge in Marokko. Wir haben sichergestellt, dass unsere Guides Ihnen in Marrakesch ein unvergessliches Erlebnis bieten.","robots":{"index":"index","follow":"follow","max-snippet":"max-snippet:-1","max-image-preview":"max-image-preview:large","max-video-preview":"max-video-preview:-1"},"canonical":"https:\/\/riadluciano.com\/de\/ausfluege\/","og_locale":"de_DE","og_type":"article","og_title":"Ausfl\u00fcge - Riad Luciano - Hotel **** &amp; Spa | Marrakech","og_description":"Das Riad Luciano bietet Ihnen die besten Ausfl\u00fcge in Marokko. Wir haben sichergestellt, dass unsere Guides Ihnen in Marrakesch ein unvergessliches Erlebnis bieten.","og_url":"https:\/\/riadluciano.com\/de\/ausfluege\/","og_site_name":"Riad Luciano","article_publisher":"https:\/\/www.facebook.com\/lucianoriad","article_modified_time":"2025-08-24T13:46:58+00:00","og_image":[{"url":"https:\/\/riadluciano.com\/wp-content\/plugins\/formidable\/images\/ajax_loader.gif","type":"","width":"","height":""}],"twitter_card":"summary_large_image","twitter_site":"@LucianoRiad","schema":{"@context":"https:\/\/schema.org","@graph":[{"@type":"WebPage","@id":"https:\/\/riadluciano.com\/de\/ausfluege\/","url":"https:\/\/riadluciano.com\/de\/ausfluege\/","name":"Ausfl\u00fcge - Riad Luciano - Hotel **** &amp; Spa | Marrakech","isPartOf":{"@id":"http:\/\/riadluciano.com\/de\/#website"},"primaryImageOfPage":{"@id":"https:\/\/riadluciano.com\/de\/ausfluege\/#primaryimage"},"image":{"@id":"https:\/\/riadluciano.com\/de\/ausfluege\/#primaryimage"},"thumbnailUrl":"https:\/\/riadluciano.com\/wp-content\/plugins\/formidable\/images\/ajax_loader.gif","datePublished":"2021-07-18T14:16:36+00:00","dateModified":"2025-08-24T13:46:58+00:00","description":"Das Riad Luciano bietet Ihnen die besten Ausfl\u00fcge in Marokko. Wir haben sichergestellt, dass unsere Guides Ihnen in Marrakesch ein unvergessliches Erlebnis bieten.","breadcrumb":{"@id":"https:\/\/riadluciano.com\/de\/ausfluege\/#breadcrumb"},"inLanguage":"de","potentialAction":[{"@type":"ReadAction","target":["https:\/\/riadluciano.com\/de\/ausfluege\/"]}]},{"@type":"ImageObject","inLanguage":"de","@id":"https:\/\/riadluciano.com\/de\/ausfluege\/#primaryimage","url":"https:\/\/riadluciano.com\/wp-content\/plugins\/formidable\/images\/ajax_loader.gif","contentUrl":"https:\/\/riadluciano.com\/wp-content\/plugins\/formidable\/images\/ajax_loader.gif"},{"@type":"BreadcrumbList","@id":"https:\/\/riadluciano.com\/de\/ausfluege\/#breadcrumb","itemListElement":[{"@type":"ListItem","position":1,"name":"Home","item":"https:\/\/riadluciano.com\/de\/startseite\/"},{"@type":"ListItem","position":2,"name":"Ausfl\u00fcge"}]},{"@type":"WebSite","@id":"http:\/\/riadluciano.com\/de\/#website","url":"http:\/\/riadluciano.com\/de\/","name":"Riad Luciano Hotel**** & SPA","description":"Hotel **** &amp; Spa | Marrakech","publisher":{"@id":"http:\/\/riadluciano.com\/de\/#organization"},"potentialAction":[{"@type":"SearchAction","target":{"@type":"EntryPoint","urlTemplate":"http:\/\/riadluciano.com\/de\/?s={search_term_string}"},"query-input":{"@type":"PropertyValueSpecification","valueRequired":true,"valueName":"search_term_string"}}],"inLanguage":"de"},{"@type":"Organization","@id":"http:\/\/riadluciano.com\/de\/#organization","name":"Riad Luciano Hotel **** & SPA","url":"http:\/\/riadluciano.com\/de\/","logo":{"@type":"ImageObject","inLanguage":"de","@id":"http:\/\/riadluciano.com\/de\/#\/schema\/logo\/image\/","url":"https:\/\/riadluciano.com\/wp-content\/uploads\/2021\/08\/favicon.png","contentUrl":"https:\/\/riadluciano.com\/wp-content\/uploads\/2021\/08\/favicon.png","width":480,"height":480,"caption":"Riad Luciano Hotel **** & SPA"},"image":{"@id":"http:\/\/riadluciano.com\/de\/#\/schema\/logo\/image\/"},"sameAs":["https:\/\/www.facebook.com\/lucianoriad","https:\/\/x.com\/LucianoRiad","https:\/\/www.instagram.com\/lucianoriad\/"]}]}},"_links":{"self":[{"href":"https:\/\/riadluciano.com\/de\/wp-json\/wp\/v2\/pages\/24473","targetHints":{"allow":["GET"]}}],"collection":[{"href":"https:\/\/riadluciano.com\/de\/wp-json\/wp\/v2\/pages"}],"about":[{"href":"https:\/\/riadluciano.com\/de\/wp-json\/wp\/v2\/types\/page"}],"author":[{"embeddable":true,"href":"https:\/\/riadluciano.com\/de\/wp-json\/wp\/v2\/users\/1"}],"replies":[{"embeddable":true,"href":"https:\/\/riadluciano.com\/de\/wp-json\/wp\/v2\/comments?post=24473"}],"version-history":[{"count":1,"href":"https:\/\/riadluciano.com\/de\/wp-json\/wp\/v2\/pages\/24473\/revisions"}],"predecessor-version":[{"id":24474,"href":"https:\/\/riadluciano.com\/de\/wp-json\/wp\/v2\/pages\/24473\/revisions\/24474"}],"wp:attachment":[{"href":"https:\/\/riadluciano.com\/de\/wp-json\/wp\/v2\/media?parent=24473"}],"curies":[{"name":"wp","href":"https:\/\/api.w.org\/{rel}","templated":true}]}}