{"id":24449,"date":"2024-05-27T18:37:57","date_gmt":"2024-05-27T18:37:57","guid":{"rendered":"https:\/\/riadluciano.com\/restauration\/"},"modified":"2025-08-24T00:55:21","modified_gmt":"2025-08-24T00:55:21","slug":"restauration","status":"publish","type":"page","link":"https:\/\/riadluciano.com\/fr\/restauration\/","title":{"rendered":"Restauration"},"content":{"rendered":"\t\t<div data-elementor-type=\"wp-post\" data-elementor-id=\"24449\" class=\"elementor elementor-24449 elementor-15915\">\n\t\t\t\t\t\t<div class=\"elementor-inner\">\n\t\t\t\t<div class=\"elementor-section-wrap\">\n\t\t\t\t\t\t\t\t\t<section class=\"elementor-section elementor-top-section elementor-element elementor-element-4ac5458d elementor-section-boxed elementor-section-height-default elementor-section-height-default\" data-id=\"4ac5458d\" data-element_type=\"section\" data-settings=\"{&quot;background_background&quot;:&quot;classic&quot;}\">\n\t\t\t\t\t\t<div class=\"elementor-container elementor-column-gap-default\">\n\t\t\t\t\t\t\t<div class=\"elementor-row\">\n\t\t\t\t\t<div class=\"elementor-column elementor-col-100 elementor-top-column elementor-element elementor-element-6e5e63d9\" data-id=\"6e5e63d9\" data-element_type=\"column\" data-settings=\"{&quot;background_background&quot;:&quot;classic&quot;}\">\n\t\t\t<div class=\"elementor-column-wrap elementor-element-populated\">\n\t\t\t\t\t\t\t<div class=\"elementor-widget-wrap\">\n\t\t\t\t\t\t<div class=\"elementor-element elementor-element-7c7c62d9 elementor-view-default elementor-position-top elementor-widget elementor-widget-themo-header\" data-id=\"7c7c62d9\" data-element_type=\"widget\" data-widget_type=\"themo-header.default\">\n\t\t\t\t<div class=\"elementor-widget-container\">\n\t\t\t\t\t<div class=\"th-header-wrap\">\n        <div class=\"elementor-icon-box-wrapper th-show-icon\">\n                            <div class=\"elementor-icon-box-icon th-icon-size-md\">\n                    <span class=\"elementor-icon \">\n                        <i aria-hidden=\"true\" class=\"th-trip travelpack th-trip travelpack-fork-plate-knife\"><\/i>                    <\/span>\n                <\/div>\n                                <div class=\"elementor-icon-box-content\">\n                    <h1 class=\"elementor-icon-box-title\">\n                        Restauration                    <\/h1>\n                                            <span class=\"th-header-divider\"><\/span>\n                                        <p class=\"elementor-icon-box-description\">Nous avons le plaisir de vous proposer une cuisine maison savoureuse et de qualit\u00e9. Pour cela, nous vous proposons chaque jour un menu diff\u00e9rent, m\u00ealant harmonieusement les saveurs marocaines et internationales.<\/p>\n\n                                            <div class=\"th-btn-wrap\">\n                                                            <a class=\"btn-1 btn th-btn btn-standard-primary\" href=\"#discover\">\n                                                                            D\u00e9couvrir                                                                    <\/a>\n                            \n                                                            <a class=\"btn-2 btn th-btn btn-ghost-light\" href=\"https:\/\/riadluciano.com\/wp-content\/uploads\/2024\/06\/International-and-moroccan.pdf\" target=\"_blank\">\n                                                                            T\u00e9l\u00e9chargez nos menus                                                                    <\/a>\n                                                    <\/div>\n                                    <\/div>\n            <\/div>\n\n        <\/div>\n\n\t\t\t\t<\/div>\n\t\t\t\t<\/div>\n\t\t\t\t\t\t<\/div>\n\t\t\t\t\t<\/div>\n\t\t<\/div>\n\t\t\t\t\t\t\t\t<\/div>\n\t\t\t\t\t<\/div>\n\t\t<\/section>\n\t\t\t\t<section class=\"elementor-section elementor-top-section elementor-element elementor-element-6435a43 elementor-section-boxed elementor-section-height-default elementor-section-height-default\" data-id=\"6435a43\" data-element_type=\"section\">\n\t\t\t\t\t\t<div class=\"elementor-container elementor-column-gap-default\">\n\t\t\t\t\t\t\t<div class=\"elementor-row\">\n\t\t\t\t\t<div class=\"elementor-column elementor-col-100 elementor-top-column elementor-element elementor-element-21ff564\" data-id=\"21ff564\" data-element_type=\"column\">\n\t\t\t<div class=\"elementor-column-wrap elementor-element-populated\">\n\t\t\t\t\t\t\t<div class=\"elementor-widget-wrap\">\n\t\t\t\t\t\t<div class=\"elementor-element elementor-element-c820c7e elementor-widget-divider--view-line_icon elementor-view-default elementor-widget-divider--element-align-center elementor-widget elementor-widget-divider\" data-id=\"c820c7e\" data-element_type=\"widget\" data-widget_type=\"divider.default\">\n\t\t\t\t<div class=\"elementor-widget-container\">\n\t\t\t\t\t<div class=\"elementor-divider\">\n\t\t\t<span class=\"elementor-divider-separator\">\n\t\t\t\t\t\t\t<div class=\"elementor-icon elementor-divider__element\">\n\t\t\t\t\t<i aria-hidden=\"true\" class=\"th-trip travelpack th-trip travelpack-fork-plate-knife\"><\/i><\/div>\n\t\t\t\t\t\t<\/span>\n\t\t<\/div>\n\t\t\t\t<\/div>\n\t\t\t\t<\/div>\n\t\t\t\t\t\t<\/div>\n\t\t\t\t\t<\/div>\n\t\t<\/div>\n\t\t\t\t\t\t\t\t<\/div>\n\t\t\t\t\t<\/div>\n\t\t<\/section>\n\t\t\t\t<section class=\"elementor-section elementor-top-section elementor-element elementor-element-80a5e07 elementor-section-full_width elementor-section-height-default elementor-section-height-default\" data-id=\"80a5e07\" data-element_type=\"section\">\n\t\t\t\t\t\t<div class=\"elementor-container elementor-column-gap-default\">\n\t\t\t\t\t\t\t<div class=\"elementor-row\">\n\t\t\t\t\t<div class=\"elementor-column elementor-col-100 elementor-top-column elementor-element elementor-element-e7054b3\" data-id=\"e7054b3\" data-element_type=\"column\">\n\t\t\t<div class=\"elementor-column-wrap elementor-element-populated\">\n\t\t\t\t\t\t\t<div class=\"elementor-widget-wrap\">\n\t\t\t\t\t\t<div class=\"elementor-element elementor-element-f6896b8 elementor-widget elementor-widget-menu-anchor\" data-id=\"f6896b8\" data-element_type=\"widget\" data-widget_type=\"menu-anchor.default\">\n\t\t\t\t<div class=\"elementor-widget-container\">\n\t\t\t\t\t<div id=\"dcouvrir\" class=\"elementor-menu-anchor\"><\/div>\n\t\t\t\t<\/div>\n\t\t\t\t<\/div>\n\t\t\t\t\t\t<\/div>\n\t\t\t\t\t<\/div>\n\t\t<\/div>\n\t\t\t\t\t\t\t\t<\/div>\n\t\t\t\t\t<\/div>\n\t\t<\/section>\n\t\t\t\t<section class=\"elementor-section elementor-top-section elementor-element elementor-element-a4131d2 elementor-section-full_width elementor-section-height-default elementor-section-height-default\" data-id=\"a4131d2\" data-element_type=\"section\">\n\t\t\t\t\t\t<div class=\"elementor-container elementor-column-gap-default\">\n\t\t\t\t\t\t\t<div class=\"elementor-row\">\n\t\t\t\t\t<div class=\"elementor-column elementor-col-16 elementor-top-column elementor-element elementor-element-835f21f\" data-id=\"835f21f\" data-element_type=\"column\">\n\t\t\t<div class=\"elementor-column-wrap\">\n\t\t\t\t\t\t\t<div class=\"elementor-widget-wrap\">\n\t\t\t\t\t\t\t\t<\/div>\n\t\t\t\t\t<\/div>\n\t\t<\/div>\n\t\t\t\t<div class=\"elementor-column elementor-col-66 elementor-top-column elementor-element elementor-element-84a2094\" data-id=\"84a2094\" data-element_type=\"column\">\n\t\t\t<div class=\"elementor-column-wrap elementor-element-populated\">\n\t\t\t\t\t\t\t<div class=\"elementor-widget-wrap\">\n\t\t\t\t\t\t<div class=\"elementor-element elementor-element-e3a10c2 elementor-widget elementor-widget-html\" data-id=\"e3a10c2\" data-element_type=\"widget\" data-widget_type=\"html.default\">\n\t\t\t\t<div class=\"elementor-widget-container\">\n\t\t\t<div class=\"_3d-flip-book  fb3d-fullscreen-mode full-size\" data-id=\"16177\" data-mode=\"fullscreen\" data-title=\"false\" data-template=\"short-white-book-view\" data-lightbox=\"dark-shadow\" data-urlparam=\"fb3d-page\" data-page-n=\"0\" data-pdf=\"\" data-tax=\"null\" data-thumbnail=\"\" data-cols=\"3\" data-book-template=\"default\" data-trigger=\"\"><\/div><script type=\"text\/javascript\">window.FB3D_CLIENT_DATA = window.FB3D_CLIENT_DATA || [];FB3D_CLIENT_DATA.push('eyJwb3N0cyI6eyIxNjE3NyI6eyJJRCI6MTYxNzcsInRpdGxlIjoicmVzdGF1cmFudCIsInR5cGUiOiJwZGYiLCJyZWFkeV9mdW5jdGlvbiI6IiIsImJvb2tfc3R5bGUiOiJ2b2x1bWUiLCJib29rX3RlbXBsYXRlIjoibm9uZSIsIm91dGxpbmUiOltdLCJkYXRhIjp7InBvc3RfSUQiOiIxNjE3MiIsImd1aWQiOiJodHRwczpcL1wvcmlhZGx1Y2lhbm8uY29tXC93cC1jb250ZW50XC91cGxvYWRzXC8yMDI0XC8wNlwvSW50ZXJuYXRpb25hbC1hbmQtbW9yb2NjYW4ucGRmIiwicGRmX3BhZ2VzIjoiMjQiLCJwYWdlc19jdXN0b21pemF0aW9uIjoibm9uZSJ9LCJ0aHVtYm5haWwiOnsiZGF0YSI6eyJwb3N0X0lEIjoiMCJ9LCJ0eXBlIjoiYXV0byJ9LCJwcm9wcyI6eyJiYWNrZ3JvdW5kQ29sb3IiOiJhdXRvIiwiYmFja2dyb3VuZEltYWdlIjoiYXV0byIsImJhY2tncm91bmRTdHlsZSI6ImF1dG8iLCJoaWdobGlnaHRMaW5rcyI6ImF1dG8iLCJsaWdodGluZyI6ImF1dG8iLCJjYWNoZWRQYWdlcyI6ImF1dG8iLCJyZW5kZXJJbmFjdGl2ZVBhZ2VzIjoiYXV0byIsInJlbmRlckluYWN0aXZlUGFnZXNPbk1vYmlsZSI6ImF1dG8iLCJyZW5kZXJXaGlsZUZsaXBwaW5nIjoiYXV0byIsInByZWxvYWRQYWdlcyI6ImF1dG8iLCJhdXRvUGxheUR1cmF0aW9uIjoiYXV0byIsInJ0bCI6ImF1dG8iLCJpbnRlcmFjdGl2ZUNvcm5lcnMiOiJhdXRvIiwibWF4RGVwdGgiOiJhdXRvIiwic2hlZXQiOnsic3RhcnRWZWxvY2l0eSI6ImF1dG8iLCJ3YXZlIjoiYXV0byIsInNoYXBlIjoiYXV0byIsIndpZHRoVGV4ZWxzIjoiYXV0byIsImNvbG9yIjoiYXV0byIsInNpZGUiOiJhdXRvIiwiY29ybmVyRGV2aWF0aW9uIjoiYXV0byIsImZsZXhpYmlsaXR5IjoiYXV0byIsImZsZXhpYmxlQ29ybmVyIjoiYXV0byIsImJlbmRpbmciOiJhdXRvIiwiaGVpZ2h0VGV4ZWxzIjoiYXV0byJ9LCJjb3ZlciI6eyJ3YXZlIjoiYXV0byIsImNvbG9yIjoiYXV0byIsInNpZGUiOiJhdXRvIiwiYmluZGVyVGV4dHVyZSI6ImF1dG8iLCJkZXB0aCI6ImF1dG8iLCJwYWRkaW5nIjoiYXV0byIsInN0YXJ0VmVsb2NpdHkiOiJhdXRvIiwiZmxleGliaWxpdHkiOiJhdXRvIiwiZmxleGlibGVDb3JuZXIiOiJhdXRvIiwiYmVuZGluZyI6ImF1dG8iLCJ3aWR0aFRleGVscyI6ImF1dG8iLCJoZWlnaHRUZXhlbHMiOiJhdXRvIiwibWFzcyI6ImF1dG8iLCJzaGFwZSI6ImF1dG8ifSwicGFnZSI6eyJ3YXZlIjoiYXV0byIsImNvbG9yIjoiYXV0byIsInNpZGUiOiJhdXRvIiwiZGVwdGgiOiJhdXRvIiwic3RhcnRWZWxvY2l0eSI6ImF1dG8iLCJmbGV4aWJpbGl0eSI6ImF1dG8iLCJmbGV4aWJsZUNvcm5lciI6ImF1dG8iLCJiZW5kaW5nIjoiYXV0byIsIndpZHRoVGV4ZWxzIjoiYXV0byIsImhlaWdodFRleGVscyI6ImF1dG8iLCJtYXNzIjoiYXV0byIsInNoYXBlIjoiYXV0byJ9LCJoZWlnaHQiOiJhdXRvIiwid2lkdGgiOiJhdXRvIiwiZ3Jhdml0eSI6ImF1dG8iLCJwYWdlc0ZvclByZWRpY3RpbmciOiJhdXRvIn0sImNvbnRyb2xQcm9wcyI6eyJhY3Rpb25zIjp7ImNtZFRvYyI6eyJlbmFibGVkIjoiYXV0byIsImVuYWJsZWRJbk5hcnJvdyI6ImF1dG8iLCJhY3RpdmUiOiJhdXRvIiwiZGVmYXVsdFRhYiI6ImF1dG8ifSwiY21kQXV0b1BsYXkiOnsiZW5hYmxlZCI6ImF1dG8iLCJlbmFibGVkSW5OYXJyb3ciOiJhdXRvIiwiYWN0aXZlIjoiYXV0byJ9LCJjbWRTYXZlIjp7ImVuYWJsZWQiOiJhdXRvIiwiZW5hYmxlZEluTmFycm93IjoiYXV0byJ9LCJjbWRQcmludCI6eyJlbmFibGVkIjoiYXV0byIsImVuYWJsZWRJbk5hcnJvdyI6ImF1dG8ifSwiY21kU2luZ2xlUGFnZSI6eyJlbmFibGVkIjoiYXV0byIsImVuYWJsZWRJbk5hcnJvdyI6ImF1dG8iLCJhY3RpdmUiOiJhdXRvIiwiYWN0aXZlRm9yTW9iaWxlIjoiYXV0byJ9LCJ3aWRUb29sYmFyIjp7ImVuYWJsZWQiOiJhdXRvIiwiZW5hYmxlZEluTmFycm93IjoiYXV0byJ9fX0sImF1dG9UaHVtYm5haWwiOiJodHRwczpcL1wvcmlhZGx1Y2lhbm8uY29tXC93cC1jb250ZW50XC91cGxvYWRzXC8zZC1mbGlwLWJvb2tcL2F1dG8tdGh1bWJuYWlsc1wvMTYxNzcucG5nIiwicG9zdF9uYW1lIjoicmVzdGF1cmFudCIsInBvc3RfdHlwZSI6IjNkLWZsaXAtYm9vayJ9fSwicGFnZXMiOltdLCJmaXJzdFBhZ2VzIjpbXX0=');window.FB3D_CLIENT_LOCALE && FB3D_CLIENT_LOCALE.render && FB3D_CLIENT_LOCALE.render();<\/script>\t\t<\/div>\n\t\t\t\t<\/div>\n\t\t\t\t\t\t<\/div>\n\t\t\t\t\t<\/div>\n\t\t<\/div>\n\t\t\t\t<div class=\"elementor-column elementor-col-16 elementor-top-column elementor-element elementor-element-4689e88\" data-id=\"4689e88\" data-element_type=\"column\">\n\t\t\t<div class=\"elementor-column-wrap\">\n\t\t\t\t\t\t\t<div class=\"elementor-widget-wrap\">\n\t\t\t\t\t\t\t\t<\/div>\n\t\t\t\t\t<\/div>\n\t\t<\/div>\n\t\t\t\t\t\t\t\t<\/div>\n\t\t\t\t\t<\/div>\n\t\t<\/section>\n\t\t\t\t<section class=\"elementor-section elementor-top-section elementor-element elementor-element-a33378e elementor-section-boxed elementor-section-height-default elementor-section-height-default\" data-id=\"a33378e\" data-element_type=\"section\">\n\t\t\t\t\t\t<div class=\"elementor-container elementor-column-gap-default\">\n\t\t\t\t\t\t\t<div class=\"elementor-row\">\n\t\t\t\t\t<div class=\"elementor-column elementor-col-100 elementor-top-column elementor-element elementor-element-a6f9859\" data-id=\"a6f9859\" data-element_type=\"column\">\n\t\t\t<div class=\"elementor-column-wrap elementor-element-populated\">\n\t\t\t\t\t\t\t<div class=\"elementor-widget-wrap\">\n\t\t\t\t\t\t<div class=\"elementor-element elementor-element-0f6115d elementor-widget elementor-widget-formidable\" data-id=\"0f6115d\" data-element_type=\"widget\" data-widget_type=\"formidable.default\">\n\t\t\t\t<div class=\"elementor-widget-container\">\n\t\t\t<div class=\"frm_forms \" id=\"frm_form_4_container\" >\n<form enctype=\"multipart\/form-data\" method=\"post\" class=\"frm-show-form \" id=\"form_contact2\" >\n<div class=\"frm_form_fields \">\n<fieldset>\n\r\n<div class=\"frm_fields_container\">\n<input type=\"hidden\" name=\"frm_action\" value=\"create\" \/>\n<input type=\"hidden\" name=\"form_id\" value=\"4\" \/>\n<input type=\"hidden\" name=\"frm_hide_fields_4\" id=\"frm_hide_fields_4\" value=\"\" \/>\n<input type=\"hidden\" name=\"form_key\" value=\"contact2\" \/>\n<input type=\"hidden\" name=\"item_meta[0]\" value=\"\" \/>\n<input type=\"hidden\" id=\"frm_submit_entry_4\" name=\"frm_submit_entry_4\" value=\"207ec32499\" \/><input type=\"hidden\" name=\"_wp_http_referer\" value=\"\/fr\/wp-json\/wp\/v2\/pages\/24449\" \/><div id=\"frm_field_14_container\" class=\"frm_form_field form-field  frm_required_field frm_none_container frm_full\">\r\n    <label for=\"field_r3pr0d\" class=\"frm_primary_label\">Name\r\n        <span class=\"frm_required\">*<\/span>\r\n    <\/label>\r\n    <input type=\"text\" id=\"field_r3pr0d\" name=\"item_meta[14]\" value=\"\"  placeholder=\"Name\" data-reqmsg=\"Name cannot be blank.\" aria-required=\"true\" data-invmsg=\"Name est non valide\" aria-invalid=\"false\"  \/>\r\n    \r\n    \r\n<\/div>\n<div id=\"frm_field_15_container\" class=\"frm_form_field form-field  frm_required_field frm_none_container frm_full\">\r\n    <label for=\"field_29yf4d22\" class=\"frm_primary_label\">Email\r\n        <span class=\"frm_required\">*<\/span>\r\n    <\/label>\r\n    <input type=\"text\" id=\"field_29yf4d22\" name=\"item_meta[15]\" value=\"\"  placeholder=\"Email\" data-reqmsg=\"Email cannot be blank.\" aria-required=\"true\" data-invmsg=\"Email est non valide\" aria-invalid=\"false\"  \/>\r\n    \r\n    \r\n<\/div>\n<div id=\"frm_field_16_container\" class=\"frm_form_field form-field  frm_required_field frm_none_container frm_full\">\r\n    <label for=\"field_9jv0r122\" class=\"frm_primary_label\">Message\r\n        <span class=\"frm_required\">*<\/span>\r\n    <\/label>\r\n    <textarea name=\"item_meta[16]\" id=\"field_9jv0r122\" rows=\"5\"  placeholder=\"Message\" data-reqmsg=\"Message cannot be blank.\" aria-required=\"true\" data-invmsg=\"Message est non valide\" aria-invalid=\"false\"  ><\/textarea>\r\n    \r\n    \r\n<\/div>\n\t<input type=\"hidden\" name=\"item_key\" value=\"\" \/>\n\t\t\t<div id=\"frm_field_41_container\">\n\t\t\t<label for=\"field_329ja\" >\n\t\t\t\tSi vous \u00eates un humain, ne remplissez pas ce champ.\t\t\t<\/label>\n\t\t\t<input  id=\"field_329ja\" type=\"text\" class=\"frm_form_field form-field frm_verify\" name=\"item_meta[41]\" value=\"\"  \/>\n\t\t<\/div>\n\t\t<input name=\"frm_state\" type=\"hidden\" value=\"FIGVXA+IkoYuLgdLv4btytQv9uML8HfFyNINNizlkD0=\" \/><div class=\"frm_submit\">\r\n\r\n<input type=\"submit\" value=\"Submit\"  \/>\r\n<img decoding=\"async\" class=\"frm_ajax_loading\" src=\"https:\/\/riadluciano.com\/wp-content\/plugins\/formidable\/images\/ajax_loader.gif\" alt=\"Sending\" style=\"visibility:hidden;\" \/>\r\n\r\n<\/div><\/div>\n<\/fieldset>\n<\/div>\n\n<p style=\"display: none !important;\" class=\"akismet-fields-container\" data-prefix=\"ak_\"><label>&#916;<textarea name=\"ak_hp_textarea\" cols=\"45\" rows=\"8\" maxlength=\"100\"><\/textarea><\/label><input type=\"hidden\" id=\"ak_js_1\" name=\"ak_js\" value=\"247\"\/><script>document.getElementById( \"ak_js_1\" ).setAttribute( \"value\", ( new Date() ).getTime() );<\/script><\/p><\/form>\n<\/div>\n\t\t<\/div>\n\t\t\t\t<\/div>\n\t\t\t\t\t\t<\/div>\n\t\t\t\t\t<\/div>\n\t\t<\/div>\n\t\t\t\t\t\t\t\t<\/div>\n\t\t\t\t\t<\/div>\n\t\t<\/section>\n\t\t\t\t\t\t\t\t\t<\/div>\n\t\t\t<\/div>\n\t\t\t\t\t<\/div>\n\t\t","protected":false},"excerpt":{"rendered":"<p>Restauration Nous avons le plaisir de vous proposer une cuisine maison savoureuse et de qualit\u00e9. Pour cela, nous vous proposons chaque jour un menu diff\u00e9rent, m\u00ealant harmonieusement les saveurs marocaines et internationales. D\u00e9couvrir T\u00e9l\u00e9chargez nos menus Name * Email * &hellip; <a href=\"https:\/\/riadluciano.com\/fr\/restauration\/\">Read More<\/a><\/p>\n","protected":false},"author":10,"featured_media":0,"parent":0,"menu_order":18,"comment_status":"closed","ping_status":"closed","template":"","meta":{"footnotes":""},"class_list":["post-24449","page","type-page","status-publish","hentry"],"yoast_head":"<!-- This site is optimized with the Yoast SEO plugin v25.7 - https:\/\/yoast.com\/wordpress\/plugins\/seo\/ -->\n<title>Restauration - Riad Luciano - Hotel **** &amp; Spa | Marrakech<\/title>\n<meta name=\"description\" content=\"Riad Luciano vous offre les meilleures excursions au Maroc. Nous nous sommes assur\u00e9s que nos guides vous feront vivre une exp\u00e9rience inoubliable \u00e0 Marrakech.\" \/>\n<meta name=\"robots\" content=\"index, follow, max-snippet:-1, max-image-preview:large, max-video-preview:-1\" \/>\n<link rel=\"canonical\" href=\"https:\/\/riadluciano.com\/fr\/restauration\/\" \/>\n<meta property=\"og:locale\" content=\"fr_FR\" \/>\n<meta property=\"og:type\" content=\"article\" \/>\n<meta property=\"og:title\" content=\"Restauration - Riad Luciano - Hotel **** &amp; Spa | Marrakech\" \/>\n<meta property=\"og:description\" content=\"Riad Luciano vous offre les meilleures excursions au Maroc. Nous nous sommes assur\u00e9s que nos guides vous feront vivre une exp\u00e9rience inoubliable \u00e0 Marrakech.\" \/>\n<meta property=\"og:url\" content=\"https:\/\/riadluciano.com\/fr\/restauration\/\" \/>\n<meta property=\"og:site_name\" content=\"Riad Luciano\" \/>\n<meta property=\"article:publisher\" content=\"https:\/\/www.facebook.com\/lucianoriad\" \/>\n<meta property=\"article:modified_time\" content=\"2025-08-24T00:55:21+00:00\" \/>\n<meta property=\"og:image\" content=\"https:\/\/riadluciano.com\/wp-content\/plugins\/formidable\/images\/ajax_loader.gif\" \/>\n<meta name=\"twitter:card\" content=\"summary_large_image\" \/>\n<meta name=\"twitter:site\" content=\"@LucianoRiad\" \/>\n<script type=\"application\/ld+json\" class=\"yoast-schema-graph\">{\"@context\":\"https:\/\/schema.org\",\"@graph\":[{\"@type\":\"WebPage\",\"@id\":\"https:\/\/riadluciano.com\/fr\/restauration\/\",\"url\":\"https:\/\/riadluciano.com\/fr\/restauration\/\",\"name\":\"Restauration - Riad Luciano - Hotel **** &amp; Spa | Marrakech\",\"isPartOf\":{\"@id\":\"http:\/\/riadluciano.com\/fr\/#website\"},\"primaryImageOfPage\":{\"@id\":\"https:\/\/riadluciano.com\/fr\/restauration\/#primaryimage\"},\"image\":{\"@id\":\"https:\/\/riadluciano.com\/fr\/restauration\/#primaryimage\"},\"thumbnailUrl\":\"https:\/\/riadluciano.com\/wp-content\/plugins\/formidable\/images\/ajax_loader.gif\",\"datePublished\":\"2024-05-27T18:37:57+00:00\",\"dateModified\":\"2025-08-24T00:55:21+00:00\",\"description\":\"Riad Luciano vous offre les meilleures excursions au Maroc. Nous nous sommes assur\u00e9s que nos guides vous feront vivre une exp\u00e9rience inoubliable \u00e0 Marrakech.\",\"breadcrumb\":{\"@id\":\"https:\/\/riadluciano.com\/fr\/restauration\/#breadcrumb\"},\"inLanguage\":\"fr-FR\",\"potentialAction\":[{\"@type\":\"ReadAction\",\"target\":[\"https:\/\/riadluciano.com\/fr\/restauration\/\"]}]},{\"@type\":\"ImageObject\",\"inLanguage\":\"fr-FR\",\"@id\":\"https:\/\/riadluciano.com\/fr\/restauration\/#primaryimage\",\"url\":\"https:\/\/riadluciano.com\/wp-content\/plugins\/formidable\/images\/ajax_loader.gif\",\"contentUrl\":\"https:\/\/riadluciano.com\/wp-content\/plugins\/formidable\/images\/ajax_loader.gif\"},{\"@type\":\"BreadcrumbList\",\"@id\":\"https:\/\/riadluciano.com\/fr\/restauration\/#breadcrumb\",\"itemListElement\":[{\"@type\":\"ListItem\",\"position\":1,\"name\":\"Home\",\"item\":\"https:\/\/riadluciano.com\/fr\/accueil\/\"},{\"@type\":\"ListItem\",\"position\":2,\"name\":\"Restauration\"}]},{\"@type\":\"WebSite\",\"@id\":\"http:\/\/riadluciano.com\/fr\/#website\",\"url\":\"http:\/\/riadluciano.com\/fr\/\",\"name\":\"Riad Luciano Hotel**** & SPA\",\"description\":\"Hotel **** &amp; Spa | Marrakech\",\"publisher\":{\"@id\":\"http:\/\/riadluciano.com\/fr\/#organization\"},\"potentialAction\":[{\"@type\":\"SearchAction\",\"target\":{\"@type\":\"EntryPoint\",\"urlTemplate\":\"http:\/\/riadluciano.com\/fr\/?s={search_term_string}\"},\"query-input\":{\"@type\":\"PropertyValueSpecification\",\"valueRequired\":true,\"valueName\":\"search_term_string\"}}],\"inLanguage\":\"fr-FR\"},{\"@type\":\"Organization\",\"@id\":\"http:\/\/riadluciano.com\/fr\/#organization\",\"name\":\"Riad Luciano Hotel **** & SPA\",\"url\":\"http:\/\/riadluciano.com\/fr\/\",\"logo\":{\"@type\":\"ImageObject\",\"inLanguage\":\"fr-FR\",\"@id\":\"http:\/\/riadluciano.com\/fr\/#\/schema\/logo\/image\/\",\"url\":\"https:\/\/riadluciano.com\/wp-content\/uploads\/2021\/08\/favicon.png\",\"contentUrl\":\"https:\/\/riadluciano.com\/wp-content\/uploads\/2021\/08\/favicon.png\",\"width\":480,\"height\":480,\"caption\":\"Riad Luciano Hotel **** & SPA\"},\"image\":{\"@id\":\"http:\/\/riadluciano.com\/fr\/#\/schema\/logo\/image\/\"},\"sameAs\":[\"https:\/\/www.facebook.com\/lucianoriad\",\"https:\/\/x.com\/LucianoRiad\",\"https:\/\/www.instagram.com\/lucianoriad\/\"]}]}<\/script>\n<!-- \/ Yoast SEO plugin. -->","yoast_head_json":{"title":"Restauration - Riad Luciano - Hotel **** &amp; Spa | Marrakech","description":"Riad Luciano vous offre les meilleures excursions au Maroc. Nous nous sommes assur\u00e9s que nos guides vous feront vivre une exp\u00e9rience inoubliable \u00e0 Marrakech.","robots":{"index":"index","follow":"follow","max-snippet":"max-snippet:-1","max-image-preview":"max-image-preview:large","max-video-preview":"max-video-preview:-1"},"canonical":"https:\/\/riadluciano.com\/fr\/restauration\/","og_locale":"fr_FR","og_type":"article","og_title":"Restauration - Riad Luciano - Hotel **** &amp; Spa | Marrakech","og_description":"Riad Luciano vous offre les meilleures excursions au Maroc. Nous nous sommes assur\u00e9s que nos guides vous feront vivre une exp\u00e9rience inoubliable \u00e0 Marrakech.","og_url":"https:\/\/riadluciano.com\/fr\/restauration\/","og_site_name":"Riad Luciano","article_publisher":"https:\/\/www.facebook.com\/lucianoriad","article_modified_time":"2025-08-24T00:55:21+00:00","og_image":[{"url":"https:\/\/riadluciano.com\/wp-content\/plugins\/formidable\/images\/ajax_loader.gif","type":"","width":"","height":""}],"twitter_card":"summary_large_image","twitter_site":"@LucianoRiad","schema":{"@context":"https:\/\/schema.org","@graph":[{"@type":"WebPage","@id":"https:\/\/riadluciano.com\/fr\/restauration\/","url":"https:\/\/riadluciano.com\/fr\/restauration\/","name":"Restauration - Riad Luciano - Hotel **** &amp; Spa | Marrakech","isPartOf":{"@id":"http:\/\/riadluciano.com\/fr\/#website"},"primaryImageOfPage":{"@id":"https:\/\/riadluciano.com\/fr\/restauration\/#primaryimage"},"image":{"@id":"https:\/\/riadluciano.com\/fr\/restauration\/#primaryimage"},"thumbnailUrl":"https:\/\/riadluciano.com\/wp-content\/plugins\/formidable\/images\/ajax_loader.gif","datePublished":"2024-05-27T18:37:57+00:00","dateModified":"2025-08-24T00:55:21+00:00","description":"Riad Luciano vous offre les meilleures excursions au Maroc. Nous nous sommes assur\u00e9s que nos guides vous feront vivre une exp\u00e9rience inoubliable \u00e0 Marrakech.","breadcrumb":{"@id":"https:\/\/riadluciano.com\/fr\/restauration\/#breadcrumb"},"inLanguage":"fr-FR","potentialAction":[{"@type":"ReadAction","target":["https:\/\/riadluciano.com\/fr\/restauration\/"]}]},{"@type":"ImageObject","inLanguage":"fr-FR","@id":"https:\/\/riadluciano.com\/fr\/restauration\/#primaryimage","url":"https:\/\/riadluciano.com\/wp-content\/plugins\/formidable\/images\/ajax_loader.gif","contentUrl":"https:\/\/riadluciano.com\/wp-content\/plugins\/formidable\/images\/ajax_loader.gif"},{"@type":"BreadcrumbList","@id":"https:\/\/riadluciano.com\/fr\/restauration\/#breadcrumb","itemListElement":[{"@type":"ListItem","position":1,"name":"Home","item":"https:\/\/riadluciano.com\/fr\/accueil\/"},{"@type":"ListItem","position":2,"name":"Restauration"}]},{"@type":"WebSite","@id":"http:\/\/riadluciano.com\/fr\/#website","url":"http:\/\/riadluciano.com\/fr\/","name":"Riad Luciano Hotel**** & SPA","description":"Hotel **** &amp; Spa | Marrakech","publisher":{"@id":"http:\/\/riadluciano.com\/fr\/#organization"},"potentialAction":[{"@type":"SearchAction","target":{"@type":"EntryPoint","urlTemplate":"http:\/\/riadluciano.com\/fr\/?s={search_term_string}"},"query-input":{"@type":"PropertyValueSpecification","valueRequired":true,"valueName":"search_term_string"}}],"inLanguage":"fr-FR"},{"@type":"Organization","@id":"http:\/\/riadluciano.com\/fr\/#organization","name":"Riad Luciano Hotel **** & SPA","url":"http:\/\/riadluciano.com\/fr\/","logo":{"@type":"ImageObject","inLanguage":"fr-FR","@id":"http:\/\/riadluciano.com\/fr\/#\/schema\/logo\/image\/","url":"https:\/\/riadluciano.com\/wp-content\/uploads\/2021\/08\/favicon.png","contentUrl":"https:\/\/riadluciano.com\/wp-content\/uploads\/2021\/08\/favicon.png","width":480,"height":480,"caption":"Riad Luciano Hotel **** & SPA"},"image":{"@id":"http:\/\/riadluciano.com\/fr\/#\/schema\/logo\/image\/"},"sameAs":["https:\/\/www.facebook.com\/lucianoriad","https:\/\/x.com\/LucianoRiad","https:\/\/www.instagram.com\/lucianoriad\/"]}]}},"_links":{"self":[{"href":"https:\/\/riadluciano.com\/fr\/wp-json\/wp\/v2\/pages\/24449","targetHints":{"allow":["GET"]}}],"collection":[{"href":"https:\/\/riadluciano.com\/fr\/wp-json\/wp\/v2\/pages"}],"about":[{"href":"https:\/\/riadluciano.com\/fr\/wp-json\/wp\/v2\/types\/page"}],"author":[{"embeddable":true,"href":"https:\/\/riadluciano.com\/fr\/wp-json\/wp\/v2\/users\/10"}],"replies":[{"embeddable":true,"href":"https:\/\/riadluciano.com\/fr\/wp-json\/wp\/v2\/comments?post=24449"}],"version-history":[{"count":1,"href":"https:\/\/riadluciano.com\/fr\/wp-json\/wp\/v2\/pages\/24449\/revisions"}],"predecessor-version":[{"id":24450,"href":"https:\/\/riadluciano.com\/fr\/wp-json\/wp\/v2\/pages\/24449\/revisions\/24450"}],"wp:attachment":[{"href":"https:\/\/riadluciano.com\/fr\/wp-json\/wp\/v2\/media?parent=24449"}],"curies":[{"name":"wp","href":"https:\/\/api.w.org\/{rel}","templated":true}]}}